{"id":3,"date":"2021-09-04T02:52:04","date_gmt":"2021-09-04T02:52:04","guid":{"rendered":"https:\/\/aeefsj.org.br\/site\/?page_id=3"},"modified":"2024-04-08T14:36:57","modified_gmt":"2024-04-08T17:36:57","slug":"privacy-policy","status":"publish","type":"page","link":"https:\/\/aeefsj.org.br\/site\/privacy-policy\/","title":{"rendered":"Pol\u00edtica de Privacidade"},"content":{"rendered":"\n<h2 class=\"wp-block-heading\">Lei Geral de Prote\u00e7\u00e3o de Dados Pessoais (LGPD)<\/h2>\n\n\n\n<figure class=\"wp-block-image alignwide size-full is-style-default\"><img fetchpriority=\"high\" decoding=\"async\" width=\"1920\" height=\"1281\" src=\"https:\/\/aeefsj.org.br\/site\/wp-content\/uploads\/2022\/02\/towfiqu-barbhuiya-FnA5pAzqhMM-unsplash.jpg\" alt=\"\" class=\"wp-image-11152\" srcset=\"https:\/\/aeefsj.org.br\/site\/wp-content\/uploads\/2022\/02\/towfiqu-barbhuiya-FnA5pAzqhMM-unsplash.jpg 1920w, https:\/\/aeefsj.org.br\/site\/wp-content\/uploads\/2022\/02\/towfiqu-barbhuiya-FnA5pAzqhMM-unsplash-300x200.jpg 300w, https:\/\/aeefsj.org.br\/site\/wp-content\/uploads\/2022\/02\/towfiqu-barbhuiya-FnA5pAzqhMM-unsplash-1024x683.jpg 1024w, https:\/\/aeefsj.org.br\/site\/wp-content\/uploads\/2022\/02\/towfiqu-barbhuiya-FnA5pAzqhMM-unsplash-768x512.jpg 768w, https:\/\/aeefsj.org.br\/site\/wp-content\/uploads\/2022\/02\/towfiqu-barbhuiya-FnA5pAzqhMM-unsplash-1536x1025.jpg 1536w\" sizes=\"(max-width: 1920px) 100vw, 1920px\" \/><\/figure>\n\n\n\n<div style=\"height:50px\" aria-hidden=\"true\" class=\"wp-block-spacer\"><\/div>\n\n\n\n<p>A Associa\u00e7\u00e3o dos Engenheiros da Estrada de Ferro Santos a Jundia\u00ed &#8211; AEEFSJ, tem a responsabilidade e o compromisso de tratar a seguran\u00e7a da informa\u00e7\u00e3o como prioridade, dando aos seus associados e usu\u00e1rios transpar\u00eancia sobre o tratamento dos dados pessoais que trafegam em nossas plataformas.<\/p>\n\n\n\n<div style=\"height:50px\" aria-hidden=\"true\" class=\"wp-block-spacer\"><\/div>\n\n\n\n<p>Destacamos que as exig\u00eancias da Lei Geral de Prote\u00e7\u00e3o de Dados Pessoais (LGPD) foram implementadas e est\u00e3o sendo observadas.<\/p>\n\n\n\n<div style=\"height:50px\" aria-hidden=\"true\" class=\"wp-block-spacer\"><\/div>\n\n\n\n<div data-wp-interactive=\"core\/file\" class=\"wp-block-file\"><object data-wp-bind--hidden=\"!state.hasPdfPreview\" hidden class=\"wp-block-file__embed\" data=\"https:\/\/aeefsj.org.br\/site\/wp-content\/uploads\/2024\/04\/Politica-de-Privacidade-AEEFSJ-Vigente.pdf\" type=\"application\/pdf\" style=\"width:100%;height:600px\" aria-label=\"Incorporado de Politica-de-Privacidade-AEEFSJ-Vigente.\"><\/object><a id=\"wp-block-file--media-643fe16b-fbd1-40c7-ac95-9103dd56a4ed\" href=\"https:\/\/aeefsj.org.br\/site\/wp-content\/uploads\/2024\/04\/Politica-de-Privacidade-AEEFSJ-Vigente.pdf\">Politica-de-Privacidade-AEEFSJ-Vigente<\/a><a href=\"https:\/\/aeefsj.org.br\/site\/wp-content\/uploads\/2024\/04\/Politica-de-Privacidade-AEEFSJ-Vigente.pdf\" class=\"wp-block-file__button wp-element-button\" download aria-describedby=\"wp-block-file--media-643fe16b-fbd1-40c7-ac95-9103dd56a4ed\">Baixar<\/a><\/div>\n\n\n\n<div style=\"height:36px\" aria-hidden=\"true\" class=\"wp-block-spacer\"><\/div>\n\n\n\n<div style=\"height:36px\" aria-hidden=\"true\" class=\"wp-block-spacer\"><\/div>\n\n\n\n<div style=\"height:36px\" aria-hidden=\"true\" class=\"wp-block-spacer\"><\/div>\n\n\n\n<div style=\"height:36px\" aria-hidden=\"true\" class=\"wp-block-spacer\"><\/div>\n\n\n\n<div style=\"height:36px\" aria-hidden=\"true\" class=\"wp-block-spacer\"><\/div>\n\n\n\n<div style=\"height:36px\" aria-hidden=\"true\" class=\"wp-block-spacer\"><\/div>\n","protected":false},"excerpt":{"rendered":"<p>Lei Geral de Prote\u00e7\u00e3o de Dados Pessoais (LGPD) A Associa\u00e7\u00e3o dos Engenheiros da Estrada de Ferro Santos a Jundia\u00ed &#8211; AEEFSJ, tem a responsabilidade e o compromisso de tratar a seguran\u00e7a da informa\u00e7\u00e3o como prioridade, dando aos seus associados e usu\u00e1rios transpar\u00eancia sobre o tratamento dos dados pessoais que trafegam em nossas plataformas. Destacamos que [&hellip;]<\/p>\n","protected":false},"author":1,"featured_media":0,"parent":0,"menu_order":0,"comment_status":"closed","ping_status":"open","template":"","meta":{"_eb_attr":"","_uag_custom_page_level_css":"","site-sidebar-layout":"default","site-content-layout":"plain-container","ast-site-content-layout":"normal-width-container","site-content-style":"unboxed","site-sidebar-style":"unboxed","ast-global-header-display":"","ast-banner-title-visibility":"","ast-main-header-display":"","ast-hfb-above-header-display":"","ast-hfb-below-header-display":"","ast-hfb-mobile-header-display":"","site-post-title":"","ast-breadcrumbs-content":"","ast-featured-img":"","footer-sml-layout":"","theme-transparent-header-meta":"default","adv-header-id-meta":"","stick-header-meta":"","header-above-stick-meta":"","header-main-stick-meta":"","header-below-stick-meta":"","astra-migrate-meta-layouts":"set","ast-page-background-enabled":"default","ast-page-background-meta":{"desktop":{"background-color":"var(--ast-global-color-4)","background-image":"","background-repeat":"repeat","background-position":"center center","background-size":"auto","background-attachment":"scroll","background-type":"","background-media":"","overlay-type":"","overlay-color":"","overlay-opacity":"","overlay-gradient":""},"tablet":{"background-color":"","background-image":"","background-repeat":"repeat","background-position":"center center","background-size":"auto","background-attachment":"scroll","background-type":"","background-media":"","overlay-type":"","overlay-color":"","overlay-opacity":"","overlay-gradient":""},"mobile":{"background-color":"","background-image":"","background-repeat":"repeat","background-position":"center center","background-size":"auto","background-attachment":"scroll","background-type":"","background-media":"","overlay-type":"","overlay-color":"","overlay-opacity":"","overlay-gradient":""}},"ast-content-background-meta":{"desktop":{"background-color":"var(--ast-global-color-5)","background-image":"","background-repeat":"repeat","background-position":"center center","background-size":"auto","background-attachment":"scroll","background-type":"","background-media":"","overlay-type":"","overlay-color":"","overlay-opacity":"","overlay-gradient":""},"tablet":{"background-color":"var(--ast-global-color-5)","background-image":"","background-repeat":"repeat","background-position":"center center","background-size":"auto","background-attachment":"scroll","background-type":"","background-media":"","overlay-type":"","overlay-color":"","overlay-opacity":"","overlay-gradient":""},"mobile":{"background-color":"var(--ast-global-color-5)","background-image":"","background-repeat":"repeat","background-position":"center center","background-size":"auto","background-attachment":"scroll","background-type":"","background-media":"","overlay-type":"","overlay-color":"","overlay-opacity":"","overlay-gradient":""}},"footnotes":""},"class_list":["post-3","page","type-page","status-publish","hentry"],"featured_image_src":null,"uagb_featured_image_src":{"full":false,"thumbnail":false,"medium":false,"medium_large":false,"large":false,"1536x1536":false,"2048x2048":false,"qi_addons_for_elementor_image_size_square":false,"qi_addons_for_elementor_image_size_landscape":false,"qi_addons_for_elementor_image_size_portrait":false,"qi_addons_for_elementor_image_size_huge-square":false},"uagb_author_info":{"display_name":"administradorAeefsj","author_link":"https:\/\/aeefsj.org.br\/site\/author\/administradoraeefsj\/"},"uagb_comment_info":0,"uagb_excerpt":"Lei Geral de Prote\u00e7\u00e3o de Dados Pessoais (LGPD) A Associa\u00e7\u00e3o dos Engenheiros da Estrada de Ferro Santos a Jundia\u00ed &#8211; AEEFSJ, tem a responsabilidade e o compromisso de tratar a seguran\u00e7a da informa\u00e7\u00e3o como prioridade, dando aos seus associados e usu\u00e1rios transpar\u00eancia sobre o tratamento dos dados pessoais que trafegam em nossas plataformas. Destacamos que&hellip;","_links":{"self":[{"href":"https:\/\/aeefsj.org.br\/site\/wp-json\/wp\/v2\/pages\/3","targetHints":{"allow":["GET"]}}],"collection":[{"href":"https:\/\/aeefsj.org.br\/site\/wp-json\/wp\/v2\/pages"}],"about":[{"href":"https:\/\/aeefsj.org.br\/site\/wp-json\/wp\/v2\/types\/page"}],"author":[{"embeddable":true,"href":"https:\/\/aeefsj.org.br\/site\/wp-json\/wp\/v2\/users\/1"}],"replies":[{"embeddable":true,"href":"https:\/\/aeefsj.org.br\/site\/wp-json\/wp\/v2\/comments?post=3"}],"version-history":[{"count":17,"href":"https:\/\/aeefsj.org.br\/site\/wp-json\/wp\/v2\/pages\/3\/revisions"}],"predecessor-version":[{"id":13122,"href":"https:\/\/aeefsj.org.br\/site\/wp-json\/wp\/v2\/pages\/3\/revisions\/13122"}],"wp:attachment":[{"href":"https:\/\/aeefsj.org.br\/site\/wp-json\/wp\/v2\/media?parent=3"}],"curies":[{"name":"wp","href":"https:\/\/api.w.org\/{rel}","templated":true}]}}