{"id":11814,"date":"2022-05-15T16:29:43","date_gmt":"2022-05-15T19:29:43","guid":{"rendered":"https:\/\/aeefsj.org.br\/site\/?page_id=11814"},"modified":"2022-05-17T08:42:13","modified_gmt":"2022-05-17T11:42:13","slug":"nossos-objetivos","status":"publish","type":"page","link":"https:\/\/aeefsj.org.br\/site\/nossos-objetivos\/","title":{"rendered":"Nossos Objetivos"},"content":{"rendered":"\n<div class=\"wp-block-image\"><figure class=\"aligncenter size-large\"><img fetchpriority=\"high\" decoding=\"async\" width=\"1024\" height=\"456\" src=\"https:\/\/aeefsj.org.br\/site\/wp-content\/uploads\/2022\/05\/puzzle-idea-goal-6640059-1024x456.jpg\" alt=\"puzzle, idea, goal-6640059.jpg\" class=\"wp-image-11816\" srcset=\"https:\/\/aeefsj.org.br\/site\/wp-content\/uploads\/2022\/05\/puzzle-idea-goal-6640059-1024x456.jpg 1024w, https:\/\/aeefsj.org.br\/site\/wp-content\/uploads\/2022\/05\/puzzle-idea-goal-6640059-300x134.jpg 300w, https:\/\/aeefsj.org.br\/site\/wp-content\/uploads\/2022\/05\/puzzle-idea-goal-6640059-768x342.jpg 768w, https:\/\/aeefsj.org.br\/site\/wp-content\/uploads\/2022\/05\/puzzle-idea-goal-6640059.jpg 1280w\" sizes=\"(max-width: 1024px) 100vw, 1024px\" \/><\/figure><\/div>\n\n\n\n<div style=\"height:36px\" aria-hidden=\"true\" class=\"wp-block-spacer\"><\/div>\n\n\n<div class=\"wp-block-ub-content-toggle wp-block-ub-content-toggle-block\" id=\"ub-content-toggle-block-303b264b-71b0-433d-b4aa-91a10b065204\" data-mobilecollapse=\"true\" data-desktopcollapse=\"false\" data-preventcollapse=\"false\" data-showonlyone=\"false\">\n<div class=\"wp-block-ub-content-toggle-accordion\" style=\"border-color: var(--ast-global-color-6); \" id=\"ub-content-toggle-panel-block-\">\n\t\t\t<div class=\"wp-block-ub-content-toggle-accordion-title-wrap\" style=\"background-color: var(--ast-global-color-6);\" aria-controls=\"ub-content-toggle-panel-0-303b264b-71b0-433d-b4aa-91a10b065204\" tabindex=\"0\">\n\t\t\t<h2 class=\"wp-block-ub-content-toggle-accordion-title ub-content-toggle-title-303b264b-71b0-433d-b4aa-91a10b065204\" style=\"color: #000000; \">Nossos Objetivos<\/h2>\n\t\t\t<div class=\"wp-block-ub-content-toggle-accordion-toggle-wrap left\" style=\"color: #000000;\"><span class=\"wp-block-ub-content-toggle-accordion-state-indicator wp-block-ub-chevron-down open\"><\/span><\/div>\n\t\t<\/div>\n\t\t\t<div role=\"region\" aria-expanded=\"true\" class=\"wp-block-ub-content-toggle-accordion-content-wrap\" id=\"ub-content-toggle-panel-0-303b264b-71b0-433d-b4aa-91a10b065204\">\n\n<div class=\"wp-block-columns is-layout-flex wp-container-core-columns-is-layout-28f84493 wp-block-columns-is-layout-flex\">\n<div class=\"wp-block-column is-layout-flow wp-block-column-is-layout-flow\"><div style=\"padding-left: 1.1em; text-align: left; --ub-list-item-icon-top: 3px;; --ub-list-item-icon-size: 0.9em; --ub-list-item-background-image: url('data:image\/svg+xml;utf8,&lt;svg xmlns=&quot;http:\/\/www.w3.org\/2000\/svg&quot; viewBox=&quot;0 0 512 512&quot;&gt;&lt;path fill=&quot;%23000000&quot; d=&quot;M470.6 105.4c12.5 12.5 12.5 32.8 0 45.3l-256 256c-12.5 12.5-32.8 12.5-45.3 0l-128-128c-12.5-12.5-12.5-32.8 0-45.3s32.8-12.5 45.3 0L192 338.7 425.4 105.4c12.5-12.5 32.8-12.5 45.3 0z&quot;&gt;&lt;\/path&gt;&lt;\/svg&gt;'); --ub-list-item-fa-li-top: 3px; \" class=\"wp-block-ub-styled-list ub_styled_list_sublist\" id=\"ub_styled_list-7b1ad280-722a-45f1-aaf1-cee65349fe10\"><ul class=\"fa-ul\"><li>Valorizar o capital intelectual representado por seus associados.<\/li><li>Estimular o aperfei\u00e7oamento t\u00e9cnico e cultural de seus quadros.<\/li><li>Preservar o Patrim\u00f4nio Hist\u00f3rico Ferrovi\u00e1rio Nacional.<\/li><li>Promover A\u00e7\u00f5es de Responsabilidade Social, Cidadania e Respeito ao Meio Ambiente.<\/li><li>Apoiar a expans\u00e3o do Servi\u00e7o de Transporte Metroferrovi\u00e1rio no Estado de S\u00e3o Paulo.<\/li><li>Estimular o conv\u00edvio social e o networking<\/li><\/ul><\/div><\/div>\n\n\n\n<div class=\"wp-block-column is-layout-flow wp-block-column-is-layout-flow\"><div style=\"padding-left: 1.1em; text-align: left; --ub-list-item-icon-top: 3px;; --ub-list-item-icon-size: 0.9em; --ub-list-item-background-image: url('data:image\/svg+xml;utf8,&lt;svg xmlns=&quot;http:\/\/www.w3.org\/2000\/svg&quot; viewBox=&quot;0 0 512 512&quot;&gt;&lt;path fill=&quot;%23000000&quot; d=&quot;M470.6 105.4c12.5 12.5 12.5 32.8 0 45.3l-256 256c-12.5 12.5-32.8 12.5-45.3 0l-128-128c-12.5-12.5-12.5-32.8 0-45.3s32.8-12.5 45.3 0L192 338.7 425.4 105.4c12.5-12.5 32.8-12.5 45.3 0z&quot;&gt;&lt;\/path&gt;&lt;\/svg&gt;'); --ub-list-item-fa-li-top: 3px; \" class=\"wp-block-ub-styled-list ub_styled_list_sublist\" id=\"ub_styled_list-8c11b540-ae78-4d9e-ade9-ae22550ba5b6\"><ul class=\"fa-ul\"><li>Divulgar o conhecimento t\u00e9cnico no \u00e2mbito da engenharia e da t\u00e9cnica ferrovi\u00e1ria.<\/li><li>Integrar e defender os interesses de seus associados.<\/li><li>Promover A\u00e7\u00f5es de Responsabilidade Social, Cidadania e Respeito ao Meio Ambiente.<\/li><li>Fomentar a tecnologia ferrovi\u00e1ria nacional, interagindo com universidades, profissionais, empresas de consultoria, de constru\u00e7\u00e3o e fabricantes de materiais e equipamentos.<\/li><\/ul><\/div><\/div>\n<\/div>\n\n<\/div>\n\t\t<\/div>\n<\/div>\n\n\n<div style=\"height:36px\" aria-hidden=\"true\" class=\"wp-block-spacer\"><\/div>\n\n\n<div class=\"wp-block-ub-content-toggle wp-block-ub-content-toggle-block\" id=\"ub-content-toggle-block-fed2b82b-1802-4e95-8594-18ea6b051811\" data-mobilecollapse=\"false\" data-desktopcollapse=\"false\" data-preventcollapse=\"false\" data-showonlyone=\"false\">\n<div class=\"wp-block-ub-content-toggle-accordion\" style=\"border-color: var(--ast-global-color-6); \" id=\"ub-content-toggle-panel-block-\">\n\t\t\t<div class=\"wp-block-ub-content-toggle-accordion-title-wrap\" style=\"background-color: var(--ast-global-color-6);\" aria-controls=\"ub-content-toggle-panel-0-fed2b82b-1802-4e95-8594-18ea6b051811\" tabindex=\"0\">\n\t\t\t<h2 class=\"wp-block-ub-content-toggle-accordion-title ub-content-toggle-title-fed2b82b-1802-4e95-8594-18ea6b051811\" style=\"color: var(u002du002dast-global-color-1); \">Miss\u00e3o<\/h2>\n\t\t\t<div class=\"wp-block-ub-content-toggle-accordion-toggle-wrap left\" style=\"color: #000000;\"><span class=\"wp-block-ub-content-toggle-accordion-state-indicator wp-block-ub-chevron-down open\"><\/span><\/div>\n\t\t<\/div>\n\t\t\t<div role=\"region\" aria-expanded=\"true\" class=\"wp-block-ub-content-toggle-accordion-content-wrap\" id=\"ub-content-toggle-panel-0-fed2b82b-1802-4e95-8594-18ea6b051811\">\n\n<p>Atender os interesses de engenheiros e arquitetos que atuam no setor de transporte metroferrovi\u00e1rio;<br>Promover o conv\u00edvio social, estimular o desenvolvimento e aperfei\u00e7oamento da t\u00e9cnica ferrovi\u00e1ria e fomentar a preserva\u00e7\u00e3o do patrim\u00f4nio hist\u00f3rico da ferrovia.<\/p>\n\n<\/div>\n\t\t<\/div>\n<\/div>\n\n\n<div style=\"height:36px\" aria-hidden=\"true\" class=\"wp-block-spacer\"><\/div>\n\n\n<div class=\"wp-block-ub-content-toggle wp-block-ub-content-toggle-block\" id=\"ub-content-toggle-block-6b6274c0-3857-42e1-857e-e9ed65b098d5\" data-mobilecollapse=\"false\" data-desktopcollapse=\"false\" data-preventcollapse=\"false\" data-showonlyone=\"false\">\n<div class=\"wp-block-ub-content-toggle-accordion\" style=\"border-color: var(--ast-global-color-6); \" id=\"ub-content-toggle-panel-block-\">\n\t\t\t<div class=\"wp-block-ub-content-toggle-accordion-title-wrap\" style=\"background-color: var(--ast-global-color-6);\" aria-controls=\"ub-content-toggle-panel-0-6b6274c0-3857-42e1-857e-e9ed65b098d5\" tabindex=\"0\">\n\t\t\t<h2 class=\"wp-block-ub-content-toggle-accordion-title ub-content-toggle-title-6b6274c0-3857-42e1-857e-e9ed65b098d5\" style=\"color: #000000; \">Vis\u00e3o<\/h2>\n\t\t\t<div class=\"wp-block-ub-content-toggle-accordion-toggle-wrap left\" style=\"color: #000000;\"><span class=\"wp-block-ub-content-toggle-accordion-state-indicator wp-block-ub-chevron-down open\"><\/span><\/div>\n\t\t<\/div>\n\t\t\t<div role=\"region\" aria-expanded=\"true\" class=\"wp-block-ub-content-toggle-accordion-content-wrap\" id=\"ub-content-toggle-panel-0-6b6274c0-3857-42e1-857e-e9ed65b098d5\">\n\n<p> Destacar-se social e tecnicamente no meio Metroferrovi\u00e1rio, com \u00e9tica e compet\u00eancia <\/p>\n\n<\/div>\n\t\t<\/div>\n<\/div>\n\n\n<div style=\"height:36px\" aria-hidden=\"true\" class=\"wp-block-spacer\"><\/div>\n\n\n<div class=\"wp-block-ub-content-toggle wp-block-ub-content-toggle-block\" id=\"ub-content-toggle-block-322b4ead-17c4-4027-bd31-6b3ff05c2168\" data-mobilecollapse=\"false\" data-desktopcollapse=\"false\" data-preventcollapse=\"false\" data-showonlyone=\"false\">\n<div class=\"wp-block-ub-content-toggle-accordion\" style=\"border-color: var(--ast-global-color-6); \" id=\"ub-content-toggle-panel-block-\">\n\t\t\t<div class=\"wp-block-ub-content-toggle-accordion-title-wrap\" style=\"background-color: var(--ast-global-color-6);\" aria-controls=\"ub-content-toggle-panel-0-322b4ead-17c4-4027-bd31-6b3ff05c2168\" tabindex=\"0\">\n\t\t\t<h2 class=\"wp-block-ub-content-toggle-accordion-title ub-content-toggle-title-322b4ead-17c4-4027-bd31-6b3ff05c2168\" style=\"color: #000000; \">Valores<\/h2>\n\t\t\t<div class=\"wp-block-ub-content-toggle-accordion-toggle-wrap left\" style=\"color: #000000;\"><span class=\"wp-block-ub-content-toggle-accordion-state-indicator wp-block-ub-chevron-down open\"><\/span><\/div>\n\t\t<\/div>\n\t\t\t<div role=\"region\" aria-expanded=\"true\" class=\"wp-block-ub-content-toggle-accordion-content-wrap\" id=\"ub-content-toggle-panel-0-322b4ead-17c4-4027-bd31-6b3ff05c2168\">\n\n<p>\u00c9tica, inova\u00e7\u00e3o, empatia, respeito \u00e0 hist\u00f3ria a ao meio ambiente<\/p>\n\n<\/div>\n\t\t<\/div>\n<\/div>","protected":false},"excerpt":{"rendered":"","protected":false},"author":1,"featured_media":0,"parent":0,"menu_order":0,"comment_status":"closed","ping_status":"closed","template":"","meta":{"_eb_attr":"","_uag_custom_page_level_css":"","site-sidebar-layout":"default","site-content-layout":"","ast-site-content-layout":"","site-content-style":"default","site-sidebar-style":"default","ast-global-header-display":"","ast-banner-title-visibility":"","ast-main-header-display":"","ast-hfb-above-header-display":"","ast-hfb-below-header-display":"","ast-hfb-mobile-header-display":"","site-post-title":"","ast-breadcrumbs-content":"","ast-featured-img":"","footer-sml-layout":"","theme-transparent-header-meta":"","adv-header-id-meta":"","stick-header-meta":"","header-above-stick-meta":"","header-main-stick-meta":"","header-below-stick-meta":"","astra-migrate-meta-layouts":"default","ast-page-background-enabled":"default","ast-page-background-meta":{"desktop":{"background-color":"var(--ast-global-color-4)","background-image":"","background-repeat":"repeat","background-position":"center center","background-size":"auto","background-attachment":"scroll","background-type":"","background-media":"","overlay-type":"","overlay-color":"","overlay-opacity":"","overlay-gradient":""},"tablet":{"background-color":"","background-image":"","background-repeat":"repeat","background-position":"center center","background-size":"auto","background-attachment":"scroll","background-type":"","background-media":"","overlay-type":"","overlay-color":"","overlay-opacity":"","overlay-gradient":""},"mobile":{"background-color":"","background-image":"","background-repeat":"repeat","background-position":"center center","background-size":"auto","background-attachment":"scroll","background-type":"","background-media":"","overlay-type":"","overlay-color":"","overlay-opacity":"","overlay-gradient":""}},"ast-content-background-meta":{"desktop":{"background-color":"var(--ast-global-color-5)","background-image":"","background-repeat":"repeat","background-position":"center center","background-size":"auto","background-attachment":"scroll","background-type":"","background-media":"","overlay-type":"","overlay-color":"","overlay-opacity":"","overlay-gradient":""},"tablet":{"background-color":"var(--ast-global-color-5)","background-image":"","background-repeat":"repeat","background-position":"center center","background-size":"auto","background-attachment":"scroll","background-type":"","background-media":"","overlay-type":"","overlay-color":"","overlay-opacity":"","overlay-gradient":""},"mobile":{"background-color":"var(--ast-global-color-5)","background-image":"","background-repeat":"repeat","background-position":"center center","background-size":"auto","background-attachment":"scroll","background-type":"","background-media":"","overlay-type":"","overlay-color":"","overlay-opacity":"","overlay-gradient":""}},"footnotes":""},"class_list":["post-11814","page","type-page","status-publish","hentry"],"featured_image_src":null,"uagb_featured_image_src":{"full":false,"thumbnail":false,"medium":false,"medium_large":false,"large":false,"1536x1536":false,"2048x2048":false,"qi_addons_for_elementor_image_size_square":false,"qi_addons_for_elementor_image_size_landscape":false,"qi_addons_for_elementor_image_size_portrait":false,"qi_addons_for_elementor_image_size_huge-square":false},"uagb_author_info":{"display_name":"administradorAeefsj","author_link":"https:\/\/aeefsj.org.br\/site\/author\/administradoraeefsj\/"},"uagb_comment_info":0,"uagb_excerpt":null,"_links":{"self":[{"href":"https:\/\/aeefsj.org.br\/site\/wp-json\/wp\/v2\/pages\/11814","targetHints":{"allow":["GET"]}}],"collection":[{"href":"https:\/\/aeefsj.org.br\/site\/wp-json\/wp\/v2\/pages"}],"about":[{"href":"https:\/\/aeefsj.org.br\/site\/wp-json\/wp\/v2\/types\/page"}],"author":[{"embeddable":true,"href":"https:\/\/aeefsj.org.br\/site\/wp-json\/wp\/v2\/users\/1"}],"replies":[{"embeddable":true,"href":"https:\/\/aeefsj.org.br\/site\/wp-json\/wp\/v2\/comments?post=11814"}],"version-history":[{"count":7,"href":"https:\/\/aeefsj.org.br\/site\/wp-json\/wp\/v2\/pages\/11814\/revisions"}],"predecessor-version":[{"id":12987,"href":"https:\/\/aeefsj.org.br\/site\/wp-json\/wp\/v2\/pages\/11814\/revisions\/12987"}],"wp:attachment":[{"href":"https:\/\/aeefsj.org.br\/site\/wp-json\/wp\/v2\/media?parent=11814"}],"curies":[{"name":"wp","href":"https:\/\/api.w.org\/{rel}","templated":true}]}}