{"id":11754,"date":"2022-05-15T14:14:16","date_gmt":"2022-05-15T17:14:16","guid":{"rendered":"https:\/\/aeefsj.org.br\/site\/?page_id=11754"},"modified":"2023-08-03T21:31:45","modified_gmt":"2023-08-04T00:31:45","slug":"sobre-nos","status":"publish","type":"page","link":"https:\/\/aeefsj.org.br\/site\/sobre-nos\/","title":{"rendered":"Sobre N\u00f3s &#8211; Estatuto Vigente  AEEFSJ"},"content":{"rendered":"\n<p class=\"has-text-align-center has-ast-global-color-1-color has-text-color\" style=\"font-size:2em\"><strong>Associa\u00e7\u00e3o dos Engenheiros da Estrada de Ferro Santos a Jundia\u00ed &#8211; AEEFSJ<\/strong><\/p>\n\n\n\n<p class=\"has-text-align-center\" style=\"font-size:2em\"><strong>Estatuto Vigente<\/strong> <\/p>\n\n\n\n<div data-wp-interactive=\"core\/file\" class=\"wp-block-file\"><object data-wp-bind--hidden=\"!state.hasPdfPreview\" hidden class=\"wp-block-file__embed\" data=\"https:\/\/aeefsj.org.br\/site\/wp-content\/uploads\/2022\/11\/Estatuto-Vigente-Registrado-em-19out2022_Site.pdf\" type=\"application\/pdf\" style=\"width:100%;height:600px\" aria-label=\"Incorporado de Estatuto-Vigente-Registrado-em-19out2022_Site.\"><\/object><a id=\"wp-block-file--media-4fb8abf5-9e93-423d-87b5-3cdb1ac5e8d1\" href=\"https:\/\/aeefsj.org.br\/site\/wp-content\/uploads\/2022\/11\/Estatuto-Vigente-Registrado-em-19out2022_Site.pdf\">Estatuto-Vigente-Registrado-em-19out2022_Site<\/a><a href=\"https:\/\/aeefsj.org.br\/site\/wp-content\/uploads\/2022\/11\/Estatuto-Vigente-Registrado-em-19out2022_Site.pdf\" class=\"wp-block-file__button wp-element-button\" download aria-describedby=\"wp-block-file--media-4fb8abf5-9e93-423d-87b5-3cdb1ac5e8d1\">Baixar<\/a><\/div>\n\n\n\n<figure class=\"wp-block-image aligncenter size-large\"><img fetchpriority=\"high\" decoding=\"async\" width=\"1024\" height=\"437\" src=\"https:\/\/aeefsj.org.br\/site\/wp-content\/uploads\/2022\/03\/locomotivaefsj-1024x437.jpeg\" alt=\"\" class=\"wp-image-11388\" srcset=\"https:\/\/aeefsj.org.br\/site\/wp-content\/uploads\/2022\/03\/locomotivaefsj-1024x437.jpeg 1024w, https:\/\/aeefsj.org.br\/site\/wp-content\/uploads\/2022\/03\/locomotivaefsj-300x128.jpeg 300w, https:\/\/aeefsj.org.br\/site\/wp-content\/uploads\/2022\/03\/locomotivaefsj-768x328.jpeg 768w, https:\/\/aeefsj.org.br\/site\/wp-content\/uploads\/2022\/03\/locomotivaefsj.jpeg 1194w\" sizes=\"(max-width: 1024px) 100vw, 1024px\" \/><\/figure>\n\n\n\n<div style=\"height:36px\" aria-hidden=\"true\" class=\"wp-block-spacer\"><\/div>\n\n\n\n<p class=\"has-text-align-center\" style=\"font-size:2.5em\">Sobre n\u00f3s<\/p>\n\n\n\n<div style=\"height:39px\" aria-hidden=\"true\" class=\"wp-block-spacer\"><\/div>\n\n\n\n<p>Em 18 de maio de 1954, os engenheiros e arquitetos que trabalhavam na Estrada de Ferro Santos a Jundia\u00ed fundaram a AEEFSJ.<\/p>\n\n\n\n<div style=\"height:36px\" aria-hidden=\"true\" class=\"wp-block-spacer\"><\/div>\n\n\n\n<p>Criada sem fins lucrativos, h\u00e1 quase sete d\u00e9cadas, a Associa\u00e7\u00e3o mant\u00e9m a caracter\u00edstica vision\u00e1ria de implementar debates e a\u00e7\u00f5es com o objetivo de fortalecer o exerc\u00edcio da profiss\u00e3o, defender a preserva\u00e7\u00e3o do patrim\u00f4nio hist\u00f3rico ferrovi\u00e1rio, contribuir para o desenvolvimento do transporte sobre trilhos e fomentar a efici\u00eancia t\u00e9cnico-ferrovi\u00e1ria.<\/p>\n\n\n\n<div style=\"height:36px\" aria-hidden=\"true\" class=\"wp-block-spacer\"><\/div>\n\n\n\n<p>Conectada aos anseios de seus associados, a AEEFSJ foca nas a\u00e7\u00f5es de bem-estar e atualiza\u00e7\u00e3o profissional, promove o <em>networking<\/em> com empresas do setor e o interc\u00e2mbio atrav\u00e9s de palestras com universidades, visando compartilhar o conhecimento das tecnologias metroferrovi\u00e1rias no \u00e2mbito acad\u00eamico.<\/p>\n\n\n\n<div style=\"height:36px\" aria-hidden=\"true\" class=\"wp-block-spacer\"><\/div>\n\n\n\n<p>Uma das cinco associa\u00e7\u00f5es mais antigas do Brasil, a AEEFSJ surgiu inspirada na Revista Ferrovia, que desde 1935 cobre temas ligados ao setor. Hoje, s\u00e3o aproximadamente 273 associados entre engenheiros e arquitetos que atuam no setor de transporte metroferrovi\u00e1rio, especialmente, na Companhia Paulista de Trens Metropolitanos &#8211; CPTM.<\/p>\n\n\n\n<div style=\"height:36px\" aria-hidden=\"true\" class=\"wp-block-spacer\"><\/div>\n\n\n\n\n<div class=\"wp-block-ub-expand ub-expand\" id=\"ub-expand-6ea73781-1c07-43a6-9d91-01fbb9c7c935\" data-scroll-type=\"false\" data-scroll-amount=\"\" data-scroll-target=\"\">\n<div class=\"ub-expand-portion ub-expand-partial wp-block-ub-expand-portion\" id=\"ub-expand-partial-6ea73781-1c07-43a6-9d91-01fbb9c7c935\" aria-hidden=\"false\">\n\t\t\t\n\n<div style=\"height:100px\" aria-hidden=\"true\" class=\"wp-block-spacer\"><\/div>\n\n\n\t\t\t<a id=\"ub-expand-toggle-partial-6ea73781-1c07-43a6-9d91-01fbb9c7c935\" class=\"ub-expand-toggle-button\" style=\"text-align: center; \" role=\"button\" aria-expanded=\"false\" aria-controls=\"ub-expand-full-6ea73781-1c07-43a6-9d91-01fbb9c7c935\" tabindex=\"0\">\n\t\t\t\tLeia mais\n\t\t\t<\/a>\n\t\t<\/div>\n\n<div class=\"ub-expand-portion ub-expand-full ub-hide wp-block-ub-expand-portion\" id=\"ub-expand-full-6ea73781-1c07-43a6-9d91-01fbb9c7c935\" aria-hidden=\"true\">\n\t\t\t\n\n<p>Desde a sua cria\u00e7\u00e3o, a AEEFSJ contribui para o desenvolvimento do transporte sobre trilhos, defendendo a preserva\u00e7\u00e3o do patrim\u00f4nio hist\u00f3rico ferrovi\u00e1rio, al\u00e9m de estimular o aperfei\u00e7oamento da t\u00e9cnica ferrovi\u00e1ria com foco na efici\u00eancia.<\/p>\n\n\n\n<div style=\"height:36px\" aria-hidden=\"true\" class=\"wp-block-spacer\"><\/div>\n\n\n\n<p>A entidade promove a divulga\u00e7\u00e3o do conhecimento no \u00e2mbito da engenharia e o <em>know-how<\/em> ferrovi\u00e1rio, estimula a reciclagem t\u00e9cnica-cultural de seus quadros, al\u00e9m de fomentar a valoriza\u00e7\u00e3o da tecnologia ferrovi\u00e1ria nacional ao interagir com universidades, profissionais, empresas de consultoria e constru\u00e7\u00e3o, fabricantes de materiais e equipamentos.<\/p>\n\n\n\n<div style=\"height:36px\" aria-hidden=\"true\" class=\"wp-block-spacer\"><\/div>\n\n\n\n<p>A edi\u00e7\u00e3o da Revista Ferrovia \u00e9 outra responsabilidade abra\u00e7ada pela Associa\u00e7\u00e3o, que se pauta por assuntos relevantes do setor, da engenharia e de mobilidade urbana. A defesa e preserva\u00e7\u00e3o do patrim\u00f4nio hist\u00f3rico ferrovi\u00e1rio nacional e o incentivo \u00e0s a\u00e7\u00f5es de responsabilidade social, cidadania e respeito ao meio ambiente tamb\u00e9m s\u00e3o temas constantes da publica\u00e7\u00e3o e das atribui\u00e7\u00f5es da entidade.<\/p>\n\n\n\n<div style=\"height:36px\" aria-hidden=\"true\" class=\"wp-block-spacer\"><\/div>\n\n\n\n<p class=\"has-ast-global-color-1-color has-text-color\">Regularmente, a associa\u00e7\u00e3o promove palestras t\u00e9cnicas de atualiza\u00e7\u00e3o profissional com temas envolvendo inova\u00e7\u00e3o e tecnologia. Ao final destes encontros, um coquetel celebra os aniversariantes do m\u00eas, iniciativa que estreita os la\u00e7os entre seus filiados e fortalece a institui\u00e7\u00e3o.<\/p>\n\n\n\n<div class=\"wp-block-columns is-layout-flex wp-container-core-columns-is-layout-28f84493 wp-block-columns-is-layout-flex\">\n<div class=\"wp-block-column has-ast-global-color-6-background-color has-background is-layout-flow wp-block-column-is-layout-flow\"><\/div>\n<\/div>\n\n\n\t\t\t<a id=\"ub-expand-toggle-full-6ea73781-1c07-43a6-9d91-01fbb9c7c935\" class=\"ub-expand-toggle-button\" style=\"text-align: center; \" role=\"button\" aria-expanded=\"true\" aria-controls=\"ub-expand-full-6ea73781-1c07-43a6-9d91-01fbb9c7c935\" tabindex=\"0\">\n\t\t\t\tEsconder\n\t\t\t<\/a>\n\t\t<\/div>\n<\/div>\n\n\n<p><\/p>\n","protected":false},"excerpt":{"rendered":"<p>Associa\u00e7\u00e3o dos Engenheiros da Estrada de Ferro Santos a Jundia\u00ed &#8211; AEEFSJ Estatuto Vigente Sobre n\u00f3s Em 18 de maio de 1954, os engenheiros e arquitetos que trabalhavam na Estrada de Ferro Santos a Jundia\u00ed fundaram a AEEFSJ. Criada sem fins lucrativos, h\u00e1 quase sete d\u00e9cadas, a Associa\u00e7\u00e3o mant\u00e9m a caracter\u00edstica vision\u00e1ria de implementar debates [&hellip;]<\/p>\n","protected":false},"author":1,"featured_media":0,"parent":0,"menu_order":0,"comment_status":"closed","ping_status":"closed","template":"","meta":{"_eb_attr":"","_uag_custom_page_level_css":"","site-sidebar-layout":"default","site-content-layout":"plain-container","ast-site-content-layout":"","site-content-style":"default","site-sidebar-style":"default","ast-global-header-display":"","ast-banner-title-visibility":"","ast-main-header-display":"","ast-hfb-above-header-display":"","ast-hfb-below-header-display":"","ast-hfb-mobile-header-display":"","site-post-title":"","ast-breadcrumbs-content":"","ast-featured-img":"","footer-sml-layout":"","theme-transparent-header-meta":"","adv-header-id-meta":"","stick-header-meta":"","header-above-stick-meta":"","header-main-stick-meta":"","header-below-stick-meta":"","astra-migrate-meta-layouts":"default","ast-page-background-enabled":"default","ast-page-background-meta":{"desktop":{"background-color":"var(--ast-global-color-4)","background-image":"","background-repeat":"repeat","background-position":"center center","background-size":"auto","background-attachment":"scroll","background-type":"","background-media":"","overlay-type":"","overlay-color":"","overlay-opacity":"","overlay-gradient":""},"tablet":{"background-color":"","background-image":"","background-repeat":"repeat","background-position":"center center","background-size":"auto","background-attachment":"scroll","background-type":"","background-media":"","overlay-type":"","overlay-color":"","overlay-opacity":"","overlay-gradient":""},"mobile":{"background-color":"","background-image":"","background-repeat":"repeat","background-position":"center center","background-size":"auto","background-attachment":"scroll","background-type":"","background-media":"","overlay-type":"","overlay-color":"","overlay-opacity":"","overlay-gradient":""}},"ast-content-background-meta":{"desktop":{"background-color":"var(--ast-global-color-5)","background-image":"","background-repeat":"repeat","background-position":"center center","background-size":"auto","background-attachment":"scroll","background-type":"","background-media":"","overlay-type":"","overlay-color":"","overlay-opacity":"","overlay-gradient":""},"tablet":{"background-color":"var(--ast-global-color-5)","background-image":"","background-repeat":"repeat","background-position":"center center","background-size":"auto","background-attachment":"scroll","background-type":"","background-media":"","overlay-type":"","overlay-color":"","overlay-opacity":"","overlay-gradient":""},"mobile":{"background-color":"var(--ast-global-color-5)","background-image":"","background-repeat":"repeat","background-position":"center center","background-size":"auto","background-attachment":"scroll","background-type":"","background-media":"","overlay-type":"","overlay-color":"","overlay-opacity":"","overlay-gradient":""}},"footnotes":""},"class_list":["post-11754","page","type-page","status-publish","hentry"],"featured_image_src":null,"uagb_featured_image_src":{"full":false,"thumbnail":false,"medium":false,"medium_large":false,"large":false,"1536x1536":false,"2048x2048":false,"qi_addons_for_elementor_image_size_square":false,"qi_addons_for_elementor_image_size_landscape":false,"qi_addons_for_elementor_image_size_portrait":false,"qi_addons_for_elementor_image_size_huge-square":false},"uagb_author_info":{"display_name":"administradorAeefsj","author_link":"https:\/\/aeefsj.org.br\/site\/author\/administradoraeefsj\/"},"uagb_comment_info":0,"uagb_excerpt":"Associa\u00e7\u00e3o dos Engenheiros da Estrada de Ferro Santos a Jundia\u00ed &#8211; AEEFSJ Estatuto Vigente Sobre n\u00f3s Em 18 de maio de 1954, os engenheiros e arquitetos que trabalhavam na Estrada de Ferro Santos a Jundia\u00ed fundaram a AEEFSJ. Criada sem fins lucrativos, h\u00e1 quase sete d\u00e9cadas, a Associa\u00e7\u00e3o mant\u00e9m a caracter\u00edstica vision\u00e1ria de implementar debates&hellip;","_links":{"self":[{"href":"https:\/\/aeefsj.org.br\/site\/wp-json\/wp\/v2\/pages\/11754","targetHints":{"allow":["GET"]}}],"collection":[{"href":"https:\/\/aeefsj.org.br\/site\/wp-json\/wp\/v2\/pages"}],"about":[{"href":"https:\/\/aeefsj.org.br\/site\/wp-json\/wp\/v2\/types\/page"}],"author":[{"embeddable":true,"href":"https:\/\/aeefsj.org.br\/site\/wp-json\/wp\/v2\/users\/1"}],"replies":[{"embeddable":true,"href":"https:\/\/aeefsj.org.br\/site\/wp-json\/wp\/v2\/comments?post=11754"}],"version-history":[{"count":30,"href":"https:\/\/aeefsj.org.br\/site\/wp-json\/wp\/v2\/pages\/11754\/revisions"}],"predecessor-version":[{"id":12974,"href":"https:\/\/aeefsj.org.br\/site\/wp-json\/wp\/v2\/pages\/11754\/revisions\/12974"}],"wp:attachment":[{"href":"https:\/\/aeefsj.org.br\/site\/wp-json\/wp\/v2\/media?parent=11754"}],"curies":[{"name":"wp","href":"https:\/\/api.w.org\/{rel}","templated":true}]}}