{"id":11047,"date":"2021-11-06T15:20:43","date_gmt":"2021-11-06T15:20:43","guid":{"rendered":"https:\/\/aeefsj.org.br\/site\/?page_id=11047"},"modified":"2025-06-13T16:14:02","modified_gmt":"2025-06-13T19:14:02","slug":"diretoria","status":"publish","type":"page","link":"https:\/\/aeefsj.org.br\/site\/diretoria\/","title":{"rendered":"Diretoria"},"content":{"rendered":"\n<div style=\"height:23px\" aria-hidden=\"true\" class=\"wp-block-spacer\"><\/div>\n\n\n\n<p class=\"has-text-align-center has-ast-global-color-1-color has-text-color\" style=\"font-size:2em\"><strong>Quem Trabalha na AEEFSJ por voc\u00ea<\/strong><\/p>\n\n\n\n<div style=\"height:28px\" aria-hidden=\"true\" class=\"wp-block-spacer\"><\/div>\n\n\n\n<p class=\"has-text-align-center has-ast-global-color-1-color has-text-color\" style=\"font-size:2em\"><strong>Diretoria 2025\/2027<\/strong><\/p>\n\n\n\n<div style=\"height:32px\" aria-hidden=\"true\" class=\"wp-block-spacer\"><\/div>\n\n\n\n<p class=\"has-text-align-center\" style=\"font-size:30px\"><strong>Diretoria Executiva<\/strong><\/p>\n\n\n\n<div class=\"wp-block-columns is-layout-flex wp-container-core-columns-is-layout-28f84493 wp-block-columns-is-layout-flex\">\n<div class=\"wp-block-column is-layout-flow wp-block-column-is-layout-flow\"><\/div>\n\n\n\n<div class=\"wp-block-column is-layout-flow wp-block-column-is-layout-flow\" style=\"flex-basis:804px\">\n<figure class=\"wp-block-table is-style-stripes\" style=\"font-size:1em\"><table class=\"has-fixed-layout\"><tbody><tr><td class=\"has-text-align-center\" data-align=\"center\">PRESIDENTE<\/td><td class=\"has-text-align-center\" data-align=\"center\">CIBELE ALVES DA SILVA<\/td><\/tr><tr><td class=\"has-text-align-center\" data-align=\"center\">VICE-PRESIDENTE<\/td><td class=\"has-text-align-center\" data-align=\"center\">EDSON BARBEIRO ARTIBANI<\/td><\/tr><tr><td class=\"has-text-align-center\" data-align=\"center\">1\u00aa SECRET\u00c1RIA<\/td><td class=\"has-text-align-center\" data-align=\"center\">CAROLINA MITSIRU MIASHIRO<\/td><\/tr><tr><td class=\"has-text-align-center\" data-align=\"center\">1\u00ba TESOUREIRO<\/td><td class=\"has-text-align-center\" data-align=\"center\">ROBERTO C\u00c9SAR PACHECO<\/td><\/tr><tr><td class=\"has-text-align-center\" data-align=\"center\">2\u00ba SECRET\u00c1RIO<\/td><td class=\"has-text-align-center\" data-align=\"center\">ROBSON SIRINEU SILVA SANTOS<\/td><\/tr><tr><td class=\"has-text-align-center\" data-align=\"center\">2\u00b0 TESOUREIRO<\/td><td class=\"has-text-align-center\" data-align=\"center\">FABR\u00cdCIO MATOS SOUTO<\/td><\/tr><\/tbody><\/table><\/figure>\n<\/div>\n\n\n\n<div class=\"wp-block-column is-layout-flow wp-block-column-is-layout-flow\"><\/div>\n<\/div>\n\n\n\n<div style=\"height:50px\" aria-hidden=\"true\" class=\"wp-block-spacer\"><\/div>\n\n\n\n<p class=\"has-text-align-center\" style=\"font-size:30px\"><strong>Diretoria Auxiliar<\/strong><\/p>\n\n\n\n<div class=\"wp-block-columns is-layout-flex wp-container-core-columns-is-layout-28f84493 wp-block-columns-is-layout-flex\">\n<div class=\"wp-block-column is-layout-flow wp-block-column-is-layout-flow\"><\/div>\n\n\n\n<div class=\"wp-block-column is-layout-flow wp-block-column-is-layout-flow\" style=\"flex-basis:800px\">\n<figure class=\"wp-block-table is-style-stripes\" style=\"font-size:1em\"><table class=\"has-fixed-layout\"><tbody><tr><td class=\"has-text-align-center\" data-align=\"center\">DIRETORA DE PATRIM\u00d4NIO<\/td><td class=\"has-text-align-center\" data-align=\"center\">MARIA LINA BENINI<\/td><\/tr><tr><td class=\"has-text-align-center\" data-align=\"center\">DIRETOR T\u00c9CNICO<\/td><td class=\"has-text-align-center\" data-align=\"center\">SILVESTRE EDUARDO ROCHA RIBEIRO<\/td><\/tr><tr><td class=\"has-text-align-center\" data-align=\"center\">DIRETORA SOCIAL<\/td><td class=\"has-text-align-center\" data-align=\"center\">RAQUEL MEGUMI HASHIGUTI<\/td><\/tr><tr><td class=\"has-text-align-center\" data-align=\"center\">DIRETOR DE ESPORTES<\/td><td class=\"has-text-align-center\" data-align=\"center\">DIRCEU PINHEIRO<\/td><\/tr><tr><td class=\"has-text-align-center\" data-align=\"center\">DIRETOR CULTURAL<\/td><td class=\"has-text-align-center\" data-align=\"center\">EURICO BAPTISTA RIBEIRO FILHO<\/td><\/tr><\/tbody><\/table><\/figure>\n<\/div>\n\n\n\n<div class=\"wp-block-column is-layout-flow wp-block-column-is-layout-flow\"><\/div>\n<\/div>\n\n\n\n<div style=\"height:50px\" aria-hidden=\"true\" class=\"wp-block-spacer\"><\/div>\n\n\n\n<p class=\"has-text-align-center\" style=\"font-size:30px\"><strong>Conselho Fiscal<\/strong><\/p>\n\n\n\n<div class=\"wp-block-columns is-layout-flex wp-container-core-columns-is-layout-28f84493 wp-block-columns-is-layout-flex\">\n<div class=\"wp-block-column is-layout-flow wp-block-column-is-layout-flow\"><\/div>\n\n\n\n<div class=\"wp-block-column is-layout-flow wp-block-column-is-layout-flow\" style=\"flex-basis:800px\">\n<figure class=\"wp-block-table is-style-stripes\" style=\"font-size:1em\"><table class=\"has-fixed-layout\"><tbody><tr><td class=\"has-text-align-center\" data-align=\"center\">PRESIDENTE<\/td><td class=\"has-text-align-center\" data-align=\"center\">CLAUDIO KATSUHIRO SUMIDA<\/td><\/tr><tr><td class=\"has-text-align-center\" data-align=\"center\">TITULAR<\/td><td class=\"has-text-align-center\" data-align=\"center\">MARCO ANTONIO MERGUIZO<\/td><\/tr><tr><td class=\"has-text-align-center\" data-align=\"center\">TITULAR<\/td><td class=\"has-text-align-center\" data-align=\"center\">THIAGO DE LIMA TORMEN<\/td><\/tr><tr><td class=\"has-text-align-center\" data-align=\"center\">SUPLENTE<\/td><td class=\"has-text-align-center\" data-align=\"center\">FLAVIO MARCELLINI<\/td><\/tr><\/tbody><\/table><\/figure>\n<\/div>\n\n\n\n<div class=\"wp-block-column is-layout-flow wp-block-column-is-layout-flow\"><\/div>\n<\/div>\n\n\n\n<div style=\"height:50px\" aria-hidden=\"true\" class=\"wp-block-spacer\"><\/div>\n\n\n\n<p class=\"has-text-align-center\" style=\"font-size:30px\"><strong>Conselho Deliberativo<\/strong><\/p>\n\n\n\n<div class=\"wp-block-columns is-layout-flex wp-container-core-columns-is-layout-28f84493 wp-block-columns-is-layout-flex\">\n<div class=\"wp-block-column is-layout-flow wp-block-column-is-layout-flow\"><\/div>\n\n\n\n<div class=\"wp-block-column is-layout-flow wp-block-column-is-layout-flow\" style=\"flex-basis:800px\">\n<div class=\"wp-block-columns is-layout-flex wp-container-core-columns-is-layout-28f84493 wp-block-columns-is-layout-flex\">\n<div class=\"wp-block-column is-layout-flow wp-block-column-is-layout-flow\" style=\"flex-basis:100%\">\n<div class=\"wp-block-uagb-container uagb-block-ffe3df1c default uagb-is-root-container\">\n<div class=\"wp-block-uagb-container uagb-block-a3ae048e\">\n<figure class=\"wp-block-table is-style-stripes\" style=\"font-size:1em\"><table class=\"has-fixed-layout\"> <tbody> <tr> <td class=\"has-text-align-center\" data-align=\"center\">PRESIDENTE<\/td> <td class=\"has-text-align-center\" data-align=\"center\">WELLINGTON JOS\u00c9 BERGANTON<\/td><\/tr> <tr> <td class=\"has-text-align-center\" data-align=\"center\">TITULAR<\/td> <td class=\"has-text-align-center\" data-align=\"center\">TAMIRES PEREIRA QUIRINO DE SOUZA<\/td> <\/tr> <tr> <td class=\"has-text-align-center\" data-align=\"center\">TITULAR<\/td> <td class=\"has-text-align-center\" data-align=\"center\">ANTONIO CARLOS DE OLIVEIRA<\/td> <\/tr> <tr> <td class=\"has-text-align-center\" data-align=\"center\">TITULAR<\/td> <td class=\"has-text-align-center\" data-align=\"center\">JOALBO BORGES DOS SANTOS<\/td> <\/tr> <tr> <td class=\"has-text-align-center\" data-align=\"center\">SUPLENTE<\/td> <td class=\"has-text-align-center\" data-align=\"center\">ADRIANO ARA\u00daJO DE ANDRADE<\/td><\/tr> <tr> <td class=\"has-text-align-center\" data-align=\"center\">SUPLENTE<\/td> <td class=\"has-text-align-center\" data-align=\"center\">DANILO MONTEVECHI DANIEL<\/td> <\/tr> <tr> <td class=\"has-text-align-center\" data-align=\"center\">TITULAR<\/td> <td class=\"has-text-align-center\" data-align=\"center\">NELSON FAIBICHER<\/td> <\/tr> <tr> <td class=\"has-text-align-center\" data-align=\"center\">TITULAR<\/td> <td class=\"has-text-align-center\" data-align=\"center\">KARLA DE ALMEIDA MORAES<\/td> <\/tr> <tr> <td class=\"has-text-align-center\" data-align=\"center\">TITULAR<\/td> <td class=\"has-text-align-center\" data-align=\"center\">JO\u00c3O RENATO PEPE<\/td> <\/tr> <tr> <td class=\"has-text-align-center\" data-align=\"center\">TITULAR<\/td> <td class=\"has-text-align-center\" data-align=\"center\">ALINE ROCHA DOS SANTOS CONSTENLA<\/td> <\/tr> <\/tbody> <\/table> <\/figure>\n<\/div>\n<\/div>\n<\/div>\n<\/div>\n<\/div>\n\n\n\n<div class=\"wp-block-column is-layout-flow wp-block-column-is-layout-flow\"><\/div>\n<\/div>\n\n\n\n<p class=\"has-text-align-center\" style=\"font-size:30px\"><strong>Conselho de \u00c9tica<\/strong><\/p>\n\n\n\n<div class=\"wp-block-columns is-layout-flex wp-container-core-columns-is-layout-28f84493 wp-block-columns-is-layout-flex\">\n<div class=\"wp-block-column is-layout-flow wp-block-column-is-layout-flow\"><\/div>\n\n\n\n<div class=\"wp-block-column is-layout-flow wp-block-column-is-layout-flow\" style=\"flex-basis:800px\">\n<figure class=\"wp-block-table is-style-stripes\" style=\"font-size:1em\"><table class=\"has-fixed-layout\"><tbody><tr><td class=\"has-text-align-center\" data-align=\"center\">PRESIDENTE <\/td><td class=\"has-text-align-center\" data-align=\"center\">LEOPOLDO AUGUSTO CORREA FILHO<\/td><\/tr><tr><td class=\"has-text-align-center\" data-align=\"center\">TITULAR<\/td><td class=\"has-text-align-center\" data-align=\"center\">ERALDO GUEIROS MIRANDA JUNIOR<\/td><\/tr><tr><td class=\"has-text-align-center\" data-align=\"center\">TITULAR<\/td><td class=\"has-text-align-center\" data-align=\"center\">NAILTON GON\u00c7ALVES NOVAES<\/td><\/tr><tr><td class=\"has-text-align-center\" data-align=\"center\">TITULAR<\/td><td class=\"has-text-align-center\" data-align=\"center\">RAFAEL PROEN\u00c7A PANDOLFI<\/td><\/tr><tr><td class=\"has-text-align-center\" data-align=\"center\">TITULAR<\/td><td class=\"has-text-align-center\" data-align=\"center\">TARSILA MIYAZATO<\/td><\/tr><\/tbody><\/table><\/figure>\n<\/div>\n\n\n\n<div class=\"wp-block-column is-layout-flow wp-block-column-is-layout-flow\"><\/div>\n<\/div>\n\n\n\n<h2 class=\"wp-block-heading has-text-align-center\"><strong>Conselheiro AEEFSJ no CREA-SP<\/strong><\/h2>\n\n\n\n<p class=\"has-text-align-center\">JO\u00c3O DINI PIVOTO <\/p>\n\n\n\n<div style=\"height:100px\" aria-hidden=\"true\" class=\"wp-block-spacer\"><\/div>\n","protected":false},"excerpt":{"rendered":"<p>Quem Trabalha na AEEFSJ por voc\u00ea Diretoria 2025\/2027 Diretoria Executiva PRESIDENTE CIBELE ALVES DA SILVA VICE-PRESIDENTE EDSON BARBEIRO ARTIBANI 1\u00aa SECRET\u00c1RIA CAROLINA MITSIRU MIASHIRO 1\u00ba TESOUREIRO ROBERTO C\u00c9SAR PACHECO 2\u00ba SECRET\u00c1RIO ROBSON SIRINEU SILVA SANTOS 2\u00b0 TESOUREIRO FABR\u00cdCIO MATOS SOUTO Diretoria Auxiliar DIRETORA DE PATRIM\u00d4NIO MARIA LINA BENINI DIRETOR T\u00c9CNICO SILVESTRE EDUARDO ROCHA RIBEIRO DIRETORA [&hellip;]<\/p>\n","protected":false},"author":1,"featured_media":0,"parent":0,"menu_order":0,"comment_status":"closed","ping_status":"closed","template":"","meta":{"_eb_attr":"","_uag_custom_page_level_css":"","site-sidebar-layout":"default","site-content-layout":"","ast-site-content-layout":"default","site-content-style":"default","site-sidebar-style":"default","ast-global-header-display":"","ast-banner-title-visibility":"","ast-main-header-display":"","ast-hfb-above-header-display":"","ast-hfb-below-header-display":"","ast-hfb-mobile-header-display":"","site-post-title":"disabled","ast-breadcrumbs-content":"","ast-featured-img":"","footer-sml-layout":"","theme-transparent-header-meta":"","adv-header-id-meta":"","stick-header-meta":"","header-above-stick-meta":"","header-main-stick-meta":"","header-below-stick-meta":"","astra-migrate-meta-layouts":"set","ast-page-background-enabled":"default","ast-page-background-meta":{"desktop":{"background-color":"var(--ast-global-color-4)","background-image":"","background-repeat":"repeat","background-position":"center center","background-size":"auto","background-attachment":"scroll","background-type":"","background-media":"","overlay-type":"","overlay-color":"","overlay-opacity":"","overlay-gradient":""},"tablet":{"background-color":"","background-image":"","background-repeat":"repeat","background-position":"center center","background-size":"auto","background-attachment":"scroll","background-type":"","background-media":"","overlay-type":"","overlay-color":"","overlay-opacity":"","overlay-gradient":""},"mobile":{"background-color":"","background-image":"","background-repeat":"repeat","background-position":"center center","background-size":"auto","background-attachment":"scroll","background-type":"","background-media":"","overlay-type":"","overlay-color":"","overlay-opacity":"","overlay-gradient":""}},"ast-content-background-meta":{"desktop":{"background-color":"var(--ast-global-color-5)","background-image":"","background-repeat":"repeat","background-position":"center center","background-size":"auto","background-attachment":"scroll","background-type":"","background-media":"","overlay-type":"","overlay-color":"","overlay-opacity":"","overlay-gradient":""},"tablet":{"background-color":"var(--ast-global-color-5)","background-image":"","background-repeat":"repeat","background-position":"center center","background-size":"auto","background-attachment":"scroll","background-type":"","background-media":"","overlay-type":"","overlay-color":"","overlay-opacity":"","overlay-gradient":""},"mobile":{"background-color":"var(--ast-global-color-5)","background-image":"","background-repeat":"repeat","background-position":"center center","background-size":"auto","background-attachment":"scroll","background-type":"","background-media":"","overlay-type":"","overlay-color":"","overlay-opacity":"","overlay-gradient":""}},"footnotes":""},"class_list":["post-11047","page","type-page","status-publish","hentry"],"featured_image_src":null,"uagb_featured_image_src":{"full":false,"thumbnail":false,"medium":false,"medium_large":false,"large":false,"1536x1536":false,"2048x2048":false,"qi_addons_for_elementor_image_size_square":false,"qi_addons_for_elementor_image_size_landscape":false,"qi_addons_for_elementor_image_size_portrait":false,"qi_addons_for_elementor_image_size_huge-square":false},"uagb_author_info":{"display_name":"administradorAeefsj","author_link":"https:\/\/aeefsj.org.br\/site\/author\/administradoraeefsj\/"},"uagb_comment_info":0,"uagb_excerpt":"Quem Trabalha na AEEFSJ por voc\u00ea Diretoria 2025\/2027 Diretoria Executiva PRESIDENTE CIBELE ALVES DA SILVA VICE-PRESIDENTE EDSON BARBEIRO ARTIBANI 1\u00aa SECRET\u00c1RIA CAROLINA MITSIRU MIASHIRO 1\u00ba TESOUREIRO ROBERTO C\u00c9SAR PACHECO 2\u00ba SECRET\u00c1RIO ROBSON SIRINEU SILVA SANTOS 2\u00b0 TESOUREIRO FABR\u00cdCIO MATOS SOUTO Diretoria Auxiliar DIRETORA DE PATRIM\u00d4NIO MARIA LINA BENINI DIRETOR T\u00c9CNICO SILVESTRE EDUARDO ROCHA RIBEIRO DIRETORA&hellip;","_links":{"self":[{"href":"https:\/\/aeefsj.org.br\/site\/wp-json\/wp\/v2\/pages\/11047","targetHints":{"allow":["GET"]}}],"collection":[{"href":"https:\/\/aeefsj.org.br\/site\/wp-json\/wp\/v2\/pages"}],"about":[{"href":"https:\/\/aeefsj.org.br\/site\/wp-json\/wp\/v2\/types\/page"}],"author":[{"embeddable":true,"href":"https:\/\/aeefsj.org.br\/site\/wp-json\/wp\/v2\/users\/1"}],"replies":[{"embeddable":true,"href":"https:\/\/aeefsj.org.br\/site\/wp-json\/wp\/v2\/comments?post=11047"}],"version-history":[{"count":32,"href":"https:\/\/aeefsj.org.br\/site\/wp-json\/wp\/v2\/pages\/11047\/revisions"}],"predecessor-version":[{"id":13264,"href":"https:\/\/aeefsj.org.br\/site\/wp-json\/wp\/v2\/pages\/11047\/revisions\/13264"}],"wp:attachment":[{"href":"https:\/\/aeefsj.org.br\/site\/wp-json\/wp\/v2\/media?parent=11047"}],"curies":[{"name":"wp","href":"https:\/\/api.w.org\/{rel}","templated":true}]}}