{"id":10980,"date":"2021-11-06T14:49:29","date_gmt":"2021-11-06T14:49:29","guid":{"rendered":"https:\/\/aeefsj.org.br\/site\/?page_id=10980"},"modified":"2023-08-05T11:00:11","modified_gmt":"2023-08-05T14:00:11","slug":"auditorio","status":"publish","type":"page","link":"https:\/\/aeefsj.org.br\/site\/auditorio\/","title":{"rendered":"Audit\u00f3rio"},"content":{"rendered":"<div class=\"wp-block-ub-expand ub-expand\" id=\"ub-expand-5d85ebd0-d854-4e26-91e1-c28bfa90dcb2\" data-scroll-type=\"false\" data-scroll-amount=\"\" data-scroll-target=\"\">\n<div class=\"ub-expand-portion ub-expand-partial wp-block-ub-expand-portion\" id=\"ub-expand-partial-5d85ebd0-d854-4e26-91e1-c28bfa90dcb2\" aria-hidden=\"false\">\n\t\t\t\n\n<div class=\"wp-block-cover aligncenter\" style=\"min-height:236px;aspect-ratio:unset;\"><span aria-hidden=\"true\" class=\"wp-block-cover__background has-background-dim\"><\/span><img fetchpriority=\"high\" decoding=\"async\" width=\"1280\" height=\"1280\" class=\"wp-block-cover__image-background wp-image-12237\" alt=\"\" src=\"https:\/\/aeefsj.org.br\/site\/wp-content\/uploads\/2022\/05\/WhatsApp-Image-2022-05-30-at-21.21.31.jpeg\" data-object-fit=\"cover\" srcset=\"https:\/\/aeefsj.org.br\/site\/wp-content\/uploads\/2022\/05\/WhatsApp-Image-2022-05-30-at-21.21.31.jpeg 1280w, https:\/\/aeefsj.org.br\/site\/wp-content\/uploads\/2022\/05\/WhatsApp-Image-2022-05-30-at-21.21.31-300x300.jpeg 300w, https:\/\/aeefsj.org.br\/site\/wp-content\/uploads\/2022\/05\/WhatsApp-Image-2022-05-30-at-21.21.31-1024x1024.jpeg 1024w, https:\/\/aeefsj.org.br\/site\/wp-content\/uploads\/2022\/05\/WhatsApp-Image-2022-05-30-at-21.21.31-150x150.jpeg 150w, https:\/\/aeefsj.org.br\/site\/wp-content\/uploads\/2022\/05\/WhatsApp-Image-2022-05-30-at-21.21.31-768x768.jpeg 768w, https:\/\/aeefsj.org.br\/site\/wp-content\/uploads\/2022\/05\/WhatsApp-Image-2022-05-30-at-21.21.31-650x650.jpeg 650w\" sizes=\"(max-width: 1280px) 100vw, 1280px\" \/><div class=\"wp-block-cover__inner-container is-layout-flow wp-block-cover-is-layout-flow\">\n<p class=\"has-text-align-center\" style=\"font-size:2em\">Fa\u00e7a seu evento conosco<\/p>\n<\/div><\/div>\n\n\n\n<div class=\"inherit-container-width wp-block-group is-layout-constrained wp-block-group-is-layout-constrained\">\n<div class=\"wp-block-columns has-ast-global-color-1-color has-text-color is-layout-flex wp-container-core-columns-is-layout-28f84493 wp-block-columns-is-layout-flex\">\n<div class=\"wp-block-column is-layout-flow wp-block-column-is-layout-flow\">\n<div style=\"height:25px\" aria-hidden=\"true\" class=\"wp-block-spacer\"><\/div>\n\n\n\n<p class=\"has-ast-global-color-1-color has-text-color\" style=\"font-size:1.5em\">A AEEFSJ disp\u00f5e de um moderno audit\u00f3rio com infraestrutura para a realiza\u00e7\u00e3o de treinamentos, cursos, palestras e reuni\u00f5es entre outros eventos corporativos de m\u00e9dio porte.<\/p>\n<\/div>\n\n\n\n<div class=\"wp-block-column is-layout-flow wp-block-column-is-layout-flow\">\n<div style=\"height:25px\" aria-hidden=\"true\" class=\"wp-block-spacer\"><\/div>\n\n\n\n<p class=\"has-ast-global-color-1-color has-text-color\" style=\"font-size:1.5em\">O local tem capacidade para acomodar confortavelmente 70 pessoas, em cadeiras estofadas com prancheta, ar-condicionado e restaurante para servir brunch, coffee break e almo\u00e7o no sistema self-service.<\/p>\n<\/div>\n\n\n\n<div class=\"wp-block-column is-layout-flow wp-block-column-is-layout-flow\">\n<div style=\"height:25px\" aria-hidden=\"true\" class=\"wp-block-spacer\"><\/div>\n\n\n\n<p class=\"has-ast-global-color-1-color has-text-color\" style=\"font-size:1.5em\">Dotado de equipamentos multim\u00eddia, computador, datashow, som, microfone e conex\u00e3o Wi-Fi com internet banda larga\/fibra, o audit\u00f3rio tem f\u00e1cil acesso pela Esta\u00e7\u00e3o da Luz, que \u00e9 servida por trens da CPTM e Metr\u00f4.<\/p>\n<\/div>\n<\/div>\n\n\n\n<p class=\"has-ast-global-color-1-color has-text-color\" style=\"font-size:1.5em\">Informa\u00e7\u00f5es ou reservas pelos telefones <strong>(11) 3338-0674 \/ 3353-4291<\/strong> ou pelo e-mail <a href=\"mailto:secretaria@aeefsj.org.br\">associacao@aeefsj.org.br<\/a><\/p>\n<\/div>\n\n\n\n<div style=\"height:29px\" aria-hidden=\"true\" class=\"wp-block-spacer\"><\/div>\n\n\n\t\t\t<a id=\"ub-expand-toggle-partial-5d85ebd0-d854-4e26-91e1-c28bfa90dcb2\" class=\"ub-expand-toggle-button\" style=\"text-align: center; \" role=\"button\" aria-expanded=\"false\" aria-controls=\"ub-expand-full-5d85ebd0-d854-4e26-91e1-c28bfa90dcb2\" tabindex=\"0\">\n\t\t\t\tSaiba mais\n\t\t\t<\/a>\n\t\t<\/div>\n\n<div class=\"ub-expand-portion ub-expand-full ub-hide wp-block-ub-expand-portion\" id=\"ub-expand-full-5d85ebd0-d854-4e26-91e1-c28bfa90dcb2\" aria-hidden=\"true\">\n\t\t\t\n\n<p class=\"has-text-align-center has-ast-global-color-1-color has-text-color\" style=\"font-size:2em;line-height:1.6\"><strong>Nossas Instala\u00e7\u00f5es<\/strong><\/p>\n\n\n\n<p class=\"has-text-align-center has-ast-global-color-1-color has-text-color\" style=\"font-size:1.5em\">Campo dos Engenheiros em Pirituba<\/p>\n\n\n<div style=\"min-height: 535px;; \" class=\"ub_image_slider swiper-container wp-block-ub-image-slider\" id=\"ub_image_slider_08bf1d17-d3b5-4800-a76a-e81bd3f0ae56\" data-swiper-data='{\"speed\":300,\"spaceBetween\":20,\"slidesPerView\":1,\"loop\":true,\"pagination\":{\"el\": null , \"type\": \"bullets\", \"clickable\":true},\"navigation\": {\"nextEl\": \".swiper-button-next\", \"prevEl\": \".swiper-button-prev\"}, \"keyboard\": { \"enabled\": true }, \"effect\": \"slide\",\"autoplay\":{\"delay\": 5000},\"simulateTouch\":false}'>\n            <div class=\"swiper-wrapper\"><figure class=\"swiper-slide\">\n                <img decoding=\"async\" src=\"https:\/\/aeefsj.org.br\/site\/wp-content\/uploads\/2022\/05\/211.jpg\" alt=\"\" style=\"height: 500px;; \">\n                <figcaption class=\"ub_image_slider_image_caption\"><\/figcaption>\n            <\/figure><figure class=\"swiper-slide\">\n                <img decoding=\"async\" src=\"https:\/\/aeefsj.org.br\/site\/wp-content\/uploads\/2022\/05\/201.jpg\" alt=\"\" style=\"height: 500px;; \">\n                <figcaption class=\"ub_image_slider_image_caption\"><\/figcaption>\n            <\/figure><figure class=\"swiper-slide\">\n                <img decoding=\"async\" src=\"https:\/\/aeefsj.org.br\/site\/wp-content\/uploads\/2022\/05\/191.jpg\" alt=\"\" style=\"height: 500px;; \">\n                <figcaption class=\"ub_image_slider_image_caption\"><\/figcaption>\n            <\/figure><figure class=\"swiper-slide\">\n                <img decoding=\"async\" src=\"https:\/\/aeefsj.org.br\/site\/wp-content\/uploads\/2022\/05\/181.jpg\" alt=\"\" style=\"height: 500px;; \">\n                <figcaption class=\"ub_image_slider_image_caption\">Campo dos Engenheiros<\/figcaption>\n            <\/figure><figure class=\"swiper-slide\">\n                <img decoding=\"async\" src=\"https:\/\/aeefsj.org.br\/site\/wp-content\/uploads\/2022\/05\/171.jpg\" alt=\"\" style=\"height: 500px;; \">\n                <figcaption class=\"ub_image_slider_image_caption\"><\/figcaption>\n            <\/figure><figure class=\"swiper-slide\">\n                <img decoding=\"async\" src=\"https:\/\/aeefsj.org.br\/site\/wp-content\/uploads\/2022\/05\/161.jpg\" alt=\"\" style=\"height: 500px;; \">\n                <figcaption class=\"ub_image_slider_image_caption\"><\/figcaption>\n            <\/figure><figure class=\"swiper-slide\">\n                <img decoding=\"async\" src=\"https:\/\/aeefsj.org.br\/site\/wp-content\/uploads\/2022\/05\/15.jpg\" alt=\"\" style=\"height: 500px;; \">\n                <figcaption class=\"ub_image_slider_image_caption\"><\/figcaption>\n            <\/figure><figure class=\"swiper-slide\">\n                <img decoding=\"async\" src=\"https:\/\/aeefsj.org.br\/site\/wp-content\/uploads\/2022\/05\/141.jpg\" alt=\"\" style=\"height: 500px;; \">\n                <figcaption class=\"ub_image_slider_image_caption\"><\/figcaption>\n            <\/figure><figure class=\"swiper-slide\">\n                <img decoding=\"async\" src=\"https:\/\/aeefsj.org.br\/site\/wp-content\/uploads\/2022\/05\/131.jpg\" alt=\"\" style=\"height: 500px;; \">\n                <figcaption class=\"ub_image_slider_image_caption\"><\/figcaption>\n            <\/figure><figure class=\"swiper-slide\">\n                <img decoding=\"async\" src=\"https:\/\/aeefsj.org.br\/site\/wp-content\/uploads\/2022\/05\/121.jpg\" alt=\"\" style=\"height: 500px;; \">\n                <figcaption class=\"ub_image_slider_image_caption\"><\/figcaption>\n            <\/figure><figure class=\"swiper-slide\">\n                <img decoding=\"async\" src=\"https:\/\/aeefsj.org.br\/site\/wp-content\/uploads\/2022\/05\/111.jpg\" alt=\"\" style=\"height: 500px;; \">\n                <figcaption class=\"ub_image_slider_image_caption\"><\/figcaption>\n            <\/figure><figure class=\"swiper-slide\">\n                <img decoding=\"async\" src=\"https:\/\/aeefsj.org.br\/site\/wp-content\/uploads\/2022\/05\/101.jpg\" alt=\"\" style=\"height: 500px;; \">\n                <figcaption class=\"ub_image_slider_image_caption\"><\/figcaption>\n            <\/figure><\/div>\n            <div class=\"swiper-pagination\"><\/div>\n            <div class=\"swiper-button-prev\"><\/div> <div class=\"swiper-button-next\"><\/div>\n        <\/div>\n\n\n<div style=\"height:41px\" aria-hidden=\"true\" class=\"wp-block-spacer\"><\/div>\n\n\n\t\t\t<a id=\"ub-expand-toggle-full-5d85ebd0-d854-4e26-91e1-c28bfa90dcb2\" class=\"ub-expand-toggle-button\" style=\"text-align: center; \" role=\"button\" aria-expanded=\"true\" aria-controls=\"ub-expand-full-5d85ebd0-d854-4e26-91e1-c28bfa90dcb2\" tabindex=\"0\">\n\t\t\t\tEsconder\n\t\t\t<\/a>\n\t\t<\/div>\n<\/div>","protected":false},"excerpt":{"rendered":"","protected":false},"author":1,"featured_media":0,"parent":0,"menu_order":0,"comment_status":"closed","ping_status":"closed","template":"","meta":{"_eb_attr":"","_uag_custom_page_level_css":"","site-sidebar-layout":"default","site-content-layout":"plain-container","ast-site-content-layout":"","site-content-style":"default","site-sidebar-style":"default","ast-global-header-display":"","ast-banner-title-visibility":"","ast-main-header-display":"","ast-hfb-above-header-display":"","ast-hfb-below-header-display":"","ast-hfb-mobile-header-display":"","site-post-title":"disabled","ast-breadcrumbs-content":"","ast-featured-img":"","footer-sml-layout":"","theme-transparent-header-meta":"","adv-header-id-meta":"","stick-header-meta":"","header-above-stick-meta":"","header-main-stick-meta":"","header-below-stick-meta":"","astra-migrate-meta-layouts":"default","ast-page-background-enabled":"default","ast-page-background-meta":{"desktop":{"background-color":"var(--ast-global-color-4)","background-image":"","background-repeat":"repeat","background-position":"center center","background-size":"auto","background-attachment":"scroll","background-type":"","background-media":"","overlay-type":"","overlay-color":"","overlay-opacity":"","overlay-gradient":""},"tablet":{"background-color":"","background-image":"","background-repeat":"repeat","background-position":"center center","background-size":"auto","background-attachment":"scroll","background-type":"","background-media":"","overlay-type":"","overlay-color":"","overlay-opacity":"","overlay-gradient":""},"mobile":{"background-color":"","background-image":"","background-repeat":"repeat","background-position":"center center","background-size":"auto","background-attachment":"scroll","background-type":"","background-media":"","overlay-type":"","overlay-color":"","overlay-opacity":"","overlay-gradient":""}},"ast-content-background-meta":{"desktop":{"background-color":"var(--ast-global-color-5)","background-image":"","background-repeat":"repeat","background-position":"center center","background-size":"auto","background-attachment":"scroll","background-type":"","background-media":"","overlay-type":"","overlay-color":"","overlay-opacity":"","overlay-gradient":""},"tablet":{"background-color":"var(--ast-global-color-5)","background-image":"","background-repeat":"repeat","background-position":"center center","background-size":"auto","background-attachment":"scroll","background-type":"","background-media":"","overlay-type":"","overlay-color":"","overlay-opacity":"","overlay-gradient":""},"mobile":{"background-color":"var(--ast-global-color-5)","background-image":"","background-repeat":"repeat","background-position":"center center","background-size":"auto","background-attachment":"scroll","background-type":"","background-media":"","overlay-type":"","overlay-color":"","overlay-opacity":"","overlay-gradient":""}},"footnotes":""},"class_list":["post-10980","page","type-page","status-publish","hentry"],"featured_image_src":null,"uagb_featured_image_src":{"full":false,"thumbnail":false,"medium":false,"medium_large":false,"large":false,"1536x1536":false,"2048x2048":false,"qi_addons_for_elementor_image_size_square":false,"qi_addons_for_elementor_image_size_landscape":false,"qi_addons_for_elementor_image_size_portrait":false,"qi_addons_for_elementor_image_size_huge-square":false},"uagb_author_info":{"display_name":"administradorAeefsj","author_link":"https:\/\/aeefsj.org.br\/site\/author\/administradoraeefsj\/"},"uagb_comment_info":0,"uagb_excerpt":null,"_links":{"self":[{"href":"https:\/\/aeefsj.org.br\/site\/wp-json\/wp\/v2\/pages\/10980","targetHints":{"allow":["GET"]}}],"collection":[{"href":"https:\/\/aeefsj.org.br\/site\/wp-json\/wp\/v2\/pages"}],"about":[{"href":"https:\/\/aeefsj.org.br\/site\/wp-json\/wp\/v2\/types\/page"}],"author":[{"embeddable":true,"href":"https:\/\/aeefsj.org.br\/site\/wp-json\/wp\/v2\/users\/1"}],"replies":[{"embeddable":true,"href":"https:\/\/aeefsj.org.br\/site\/wp-json\/wp\/v2\/comments?post=10980"}],"version-history":[{"count":34,"href":"https:\/\/aeefsj.org.br\/site\/wp-json\/wp\/v2\/pages\/10980\/revisions"}],"predecessor-version":[{"id":13001,"href":"https:\/\/aeefsj.org.br\/site\/wp-json\/wp\/v2\/pages\/10980\/revisions\/13001"}],"wp:attachment":[{"href":"https:\/\/aeefsj.org.br\/site\/wp-json\/wp\/v2\/media?parent=10980"}],"curies":[{"name":"wp","href":"https:\/\/api.w.org\/{rel}","templated":true}]}}